{"id":2,"date":"2024-05-25T16:05:39","date_gmt":"2024-05-25T14:05:39","guid":{"rendered":"http:\/\/www.bcvplug.fr\/?page_id=2"},"modified":"2025-01-02T17:39:22","modified_gmt":"2025-01-02T16:39:22","slug":"page-d-accueil","status":"publish","type":"page","link":"http:\/\/www.bcvplug.fr\/","title":{"rendered":""},"content":{"rendered":"\n<div class=\"wp-block-cover alignfull is-light is-repeated has-custom-content-position is-position-center-left sliderbox\"><span aria-hidden=\"true\" class=\"wp-block-cover__background has-background-dim\" style=\"background-color:#d5c5bb\"><\/span><div class=\"wp-block-cover__image-background wp-image-243 is-repeated\" style=\"background-position:50% 50%;background-image:url(http:\/\/www.bcvplug.fr\/wp-content\/uploads\/2025\/01\/WEB4.jpg)\"><\/div><div class=\"wp-block-cover__inner-container is-layout-flow wp-block-cover-is-layout-flow\">\n<div class=\"wp-block-columns alignwide are-vertically-aligned-top mx-lg-5 mx-0 is-layout-flex wp-container-core-columns-is-layout-9d6595d7 wp-block-columns-is-layout-flex\">\n<div class=\"wp-block-column is-vertically-aligned-top is-layout-flow wp-block-column-is-layout-flow\"><\/div>\n\n\n\n<div class=\"wp-block-column is-vertically-aligned-top is-layout-flow wp-block-column-is-layout-flow\"><\/div>\n\n\n\n<div class=\"wp-block-column is-vertically-aligned-top is-layout-flow wp-block-column-is-layout-flow\">\n<div class=\"wp-block-cover has-custom-content-position is-position-top-left is-light slider-box-content p-5 mt-md-5 has-small-font-size\" style=\"min-height:558px;aspect-ratio:unset;\"><span aria-hidden=\"true\" class=\"wp-block-cover__background has-white-background-color has-background-dim-100 has-background-dim\"><\/span><div class=\"wp-block-cover__inner-container is-layout-flow wp-block-cover-is-layout-flow\">\n<h4 class=\"wp-block-heading has-text-align-right has-text-color\" style=\"color:#9ecc19;font-size:14px\"><strong><kbd><mark style=\"background-color:rgba(0, 0, 0, 0)\" class=\"has-inline-color has-vivid-green-cyan-color\">BORNES DE RECHARGES ELECTRIQUES<\/mark><\/kbd><\/strong><\/h4>\n\n\n\n<h2 class=\"wp-block-heading has-text-align-right mb-2 has-text-color\" style=\"color:#303336;font-size:40px\">BCV Plug<\/h2>\n\n\n\n<p class=\"has-text-align-left text-right ps-lg-5 has-text-color\" style=\"color:#717171\">Chez <strong>BCV Plug<\/strong>, nous sommes d\u00e9di\u00e9s \u00e0 faciliter la transition vers une mobilit\u00e9 plus verte. Nous offrons des services complets d&rsquo;installation de bornes de recharge pour voitures \u00e9lectriques, adapt\u00e9s aussi bien aux entreprises qu&rsquo;aux particuliers. Nos solutions sont con\u00e7ues pour r\u00e9pondre \u00e0 vos besoins sp\u00e9cifiques, tout en garantissant une installation s\u00e9curis\u00e9e et conforme aux normes les plus strictes.<\/p>\n\n\n\n<div class=\"wp-block-buttons is-content-justification-right is-layout-flex wp-container-core-buttons-is-layout-765c4724 wp-block-buttons-is-layout-flex\">\n<div class=\"wp-block-button\"><a class=\"wp-block-button__link wp-element-button\" href=\"http:\/\/www.bcvplug.fr\/index.php\/contact\/\">en savoir plus<\/a><\/div>\n<\/div>\n<\/div><\/div>\n<\/div>\n<\/div>\n<\/div><\/div>\n\n\n\n<div class=\"wp-block-columns alignwide main-about-sec mx-md-4 mx-2 mt-4 is-layout-flex wp-container-core-columns-is-layout-9d6595d7 wp-block-columns-is-layout-flex\">\n<div class=\"wp-block-column is-vertically-aligned-top mt-2 is-layout-flow wp-block-column-is-layout-flow\">\n<div class=\"wp-block-columns main-about mb-0 is-layout-flex wp-container-core-columns-is-layout-9d6595d7 wp-block-columns-is-layout-flex\">\n<div class=\"wp-block-column is-vertically-aligned-top about-title-img is-layout-flow wp-block-column-is-layout-flow\" style=\"flex-basis:33.33%\">\n<figure class=\"wp-block-image size-large is-resized\"><img decoding=\"async\" src=\"http:\/\/www.bcvplug.fr\/wp-content\/themes\/vw-solar-energy\/inc\/block-patterns\/images\/title.png\" alt=\"\" class=\"wp-image-1748\" style=\"width:46px;height:44px\"\/><\/figure>\n<\/div>\n\n\n\n<div class=\"wp-block-column about-title is-layout-flow wp-block-column-is-layout-flow\" style=\"flex-basis:66.66%\">\n<h2 class=\"wp-block-heading has-text-align-left mb-2 has-text-color\" style=\"color:#303336;font-size:28px\"><strong>ACC\u00c9L\u00c9REZ VOTRE TRANSITION VERS L&rsquo;\u00c9LECTRIQUE<\/strong><\/h2>\n\n\n\n<p class=\"mb-1\">Nous installons et entretenons vos bornes de recharge pour une mobilit\u00e9 plus propre et plus pratique.<\/p>\n<\/div>\n<\/div>\n\n\n\n<figure class=\"wp-block-image size-large about-border-img\"><img loading=\"lazy\" decoding=\"async\" width=\"1024\" height=\"768\" src=\"http:\/\/www.bcvplug.fr\/wp-content\/uploads\/2024\/09\/IMG_1337-1024x768.jpeg\" alt=\"\" class=\"wp-image-203\" srcset=\"http:\/\/www.bcvplug.fr\/wp-content\/uploads\/2024\/09\/IMG_1337-1024x768.jpeg 1024w, http:\/\/www.bcvplug.fr\/wp-content\/uploads\/2024\/09\/IMG_1337-300x225.jpeg 300w, http:\/\/www.bcvplug.fr\/wp-content\/uploads\/2024\/09\/IMG_1337-768x576.jpeg 768w, http:\/\/www.bcvplug.fr\/wp-content\/uploads\/2024\/09\/IMG_1337-1536x1152.jpeg 1536w, http:\/\/www.bcvplug.fr\/wp-content\/uploads\/2024\/09\/IMG_1337.jpeg 2048w\" sizes=\"auto, (max-width: 1024px) 100vw, 1024px\" \/><\/figure>\n<\/div>\n\n\n\n<div class=\"wp-block-column is-vertically-aligned-top mt-5 is-layout-flow wp-block-column-is-layout-flow\">\n<div class=\"wp-block-columns mb-md-2 mb-lg-5 is-layout-flex wp-container-core-columns-is-layout-9d6595d7 wp-block-columns-is-layout-flex\">\n<div class=\"wp-block-column about-content-img is-layout-flow wp-block-column-is-layout-flow\" style=\"flex-basis:33.33%\">\n<figure class=\"wp-block-gallery has-nested-images columns-default is-cropped wp-block-gallery-1 is-layout-flex wp-block-gallery-is-layout-flex\">\n<figure class=\"wp-block-image size-full\"><img loading=\"lazy\" decoding=\"async\" width=\"70\" height=\"62\" data-id=\"223\" src=\"http:\/\/www.bcvplug.fr\/wp-content\/uploads\/2024\/10\/Design-sans-titre.png\" alt=\"\" class=\"wp-image-223\"\/><\/figure>\n<\/figure>\n<\/div>\n\n\n\n<div class=\"wp-block-column about-text is-layout-flow wp-block-column-is-layout-flow\" style=\"flex-basis:66.66%\">\n<h3 class=\"wp-block-heading has-text-align-left mb-2 mb-md-1 has-text-color\" style=\"color:#2c2c2d;font-size:18px\"><strong>Devis gratuit<\/strong><\/h3>\n\n\n\n<p class=\"has-text-align-left mb-md-2 mb-md-1 text-left has-text-color\" style=\"color:#717171;font-size:14px\"><strong>Un projet de borne de recharge ?<\/strong> Obtenez un devis gratuit rapidement et sans engagement sur notre site.<\/p>\n<\/div>\n<\/div>\n\n\n\n<div class=\"wp-block-columns mb-md-2 mb-lg-5 is-layout-flex wp-container-core-columns-is-layout-9d6595d7 wp-block-columns-is-layout-flex\">\n<div class=\"wp-block-column about-content-img is-layout-flow wp-block-column-is-layout-flow\" style=\"flex-basis:33.33%\">\n<figure class=\"wp-block-image size-full\"><img loading=\"lazy\" decoding=\"async\" width=\"70\" height=\"62\" src=\"http:\/\/www.bcvplug.fr\/wp-content\/uploads\/2024\/09\/Pictogramme-Site-BCVPlug.png\" alt=\"\" class=\"wp-image-82\"\/><\/figure>\n<\/div>\n\n\n\n<div class=\"wp-block-column about-text is-layout-flow wp-block-column-is-layout-flow\" style=\"flex-basis:66.66%\">\n<h3 class=\"wp-block-heading has-text-align-left mb-2 mb-md-1 has-text-color\" style=\"color:#2c2c2d;font-size:18px\"><strong>Installation de bornes de recharge<\/strong><\/h3>\n\n\n\n<p class=\"has-text-align-left mb-md-2 mb-md-1 text-left has-text-color\" style=\"color:#717171;font-size:14px\"><strong>Installation de bornes de recharge \u00e0 domicile ou en entreprise.<\/strong> Nous vous accompagnons \u00e0 chaque \u00e9tape, de la s\u00e9lection du mat\u00e9riel \u00e0 la mise en service<\/p>\n<\/div>\n<\/div>\n\n\n\n<div class=\"wp-block-columns mb-md-2 mb-lg-5 is-layout-flex wp-container-core-columns-is-layout-9d6595d7 wp-block-columns-is-layout-flex\">\n<div class=\"wp-block-column about-content-img is-layout-flow wp-block-column-is-layout-flow\" style=\"flex-basis:33.33%\">\n<figure class=\"wp-block-image size-full\"><img loading=\"lazy\" decoding=\"async\" width=\"70\" height=\"62\" src=\"http:\/\/www.bcvplug.fr\/wp-content\/uploads\/2024\/09\/Pictogramme-Site-BCVPlug-1.png\" alt=\"\" class=\"wp-image-83\"\/><\/figure>\n<\/div>\n\n\n\n<div class=\"wp-block-column about-text is-layout-flow wp-block-column-is-layout-flow\" style=\"flex-basis:66.66%\">\n<h3 class=\"wp-block-heading has-text-align-left mb-2 mb-md-1 has-text-color\" style=\"color:#2c2c2d;font-size:18px\"><strong>Maintenance de vos bornes de recharge<\/strong><\/h3>\n\n\n\n<p class=\"has-text-align-left mb-md-2 mb-md-1 text-left has-text-color\" style=\"color:#717171;font-size:14px\"><strong>Maintenance compl\u00e8te de vos bornes de recharge.<\/strong> Nous assurons un suivi r\u00e9gulier pour garantir un fonctionnement optimal et une dur\u00e9e de vie prolong\u00e9e de vos \u00e9quipements<\/p>\n<\/div>\n<\/div>\n<\/div>\n<\/div>\n\n\n\n<figure class=\"wp-block-embed is-type-video is-provider-youtube wp-block-embed-youtube wp-embed-aspect-16-9 wp-has-aspect-ratio\"><div class=\"wp-block-embed__wrapper\">\n<iframe loading=\"lazy\" title=\"\ud835\uddd5\ud835\uddd6\ud835\udde9 \ud835\udde3\ud835\udddf\ud835\udde8\ud835\uddda - Installateur de bornes de rechargement pour voitures \u00e9lectriques\" width=\"640\" height=\"360\" src=\"https:\/\/www.youtube.com\/embed\/4h5T8rTZols?feature=oembed\" frameborder=\"0\" allow=\"accelerometer; autoplay; clipboard-write; encrypted-media; gyroscope; picture-in-picture; web-share\" referrerpolicy=\"strict-origin-when-cross-origin\" allowfullscreen><\/iframe>\n<\/div><\/figure>\n\n\n\n<div class=\"wp-block-cover alignfull is-light has-custom-content-position is-position-top-center\" style=\"min-height:700px;aspect-ratio:unset;\"><span aria-hidden=\"true\" class=\"wp-block-cover__background has-background-dim\" style=\"background-color:#9ecc19\"><\/span><img loading=\"lazy\" decoding=\"async\" width=\"617\" height=\"450\" class=\"wp-block-cover__image-background wp-image-256\" alt=\"\" src=\"http:\/\/www.bcvplug.fr\/wp-content\/uploads\/2025\/01\/LOGO-IRVE.png\" data-object-fit=\"cover\" srcset=\"http:\/\/www.bcvplug.fr\/wp-content\/uploads\/2025\/01\/LOGO-IRVE.png 617w, http:\/\/www.bcvplug.fr\/wp-content\/uploads\/2025\/01\/LOGO-IRVE-300x219.png 300w\" sizes=\"auto, (max-width: 617px) 100vw, 617px\" \/><div class=\"wp-block-cover__inner-container is-layout-constrained wp-block-cover-is-layout-constrained\">\n<h2 class=\"wp-block-heading alignwide has-text-align-center has-text-color has-link-color wp-elements-e5c6e10aea5c5c5b3bba07d0929c7075\" style=\"color:#2c2c2d;font-size:30px\"><strong>Demander un devis<\/strong><\/h2>\n\n\n\n<div class=\"wp-block-group is-content-justification-center is-nowrap is-layout-flex wp-container-core-group-is-layout-94bc23d7 wp-block-group-is-layout-flex\"><style id=\"wpforms-css-vars-root\">\n\t\t\t\t:root {\n\t\t\t\t\t--wpforms-field-border-radius: 3px;\n--wpforms-field-border-style: solid;\n--wpforms-field-border-size: 1px;\n--wpforms-field-background-color: #ffffff;\n--wpforms-field-border-color: rgba( 0, 0, 0, 0.25 );\n--wpforms-field-border-color-spare: rgba( 0, 0, 0, 0.25 );\n--wpforms-field-text-color: rgba( 0, 0, 0, 0.7 );\n--wpforms-field-menu-color: #ffffff;\n--wpforms-label-color: rgba( 0, 0, 0, 0.85 );\n--wpforms-label-sublabel-color: rgba( 0, 0, 0, 0.55 );\n--wpforms-label-error-color: #d63637;\n--wpforms-button-border-radius: 3px;\n--wpforms-button-border-style: none;\n--wpforms-button-border-size: 1px;\n--wpforms-button-background-color: #066aab;\n--wpforms-button-border-color: #066aab;\n--wpforms-button-text-color: #ffffff;\n--wpforms-page-break-color: #066aab;\n--wpforms-background-image: none;\n--wpforms-background-position: center center;\n--wpforms-background-repeat: no-repeat;\n--wpforms-background-size: cover;\n--wpforms-background-width: 100px;\n--wpforms-background-height: 100px;\n--wpforms-background-color: rgba( 0, 0, 0, 0 );\n--wpforms-background-url: none;\n--wpforms-container-padding: 0px;\n--wpforms-container-border-style: none;\n--wpforms-container-border-width: 1px;\n--wpforms-container-border-color: #000000;\n--wpforms-container-border-radius: 3px;\n--wpforms-field-size-input-height: 43px;\n--wpforms-field-size-input-spacing: 15px;\n--wpforms-field-size-font-size: 16px;\n--wpforms-field-size-line-height: 19px;\n--wpforms-field-size-padding-h: 14px;\n--wpforms-field-size-checkbox-size: 16px;\n--wpforms-field-size-sublabel-spacing: 5px;\n--wpforms-field-size-icon-size: 1;\n--wpforms-label-size-font-size: 16px;\n--wpforms-label-size-line-height: 19px;\n--wpforms-label-size-sublabel-font-size: 14px;\n--wpforms-label-size-sublabel-line-height: 17px;\n--wpforms-button-size-font-size: 17px;\n--wpforms-button-size-height: 41px;\n--wpforms-button-size-padding-h: 15px;\n--wpforms-button-size-margin-top: 10px;\n--wpforms-container-shadow-size-box-shadow: none;\n\n\t\t\t\t}\n\t\t\t<\/style><style id=\"wpforms-css-vars-63-block-05b883fb-f9d1-4a74-83a7-87f3ecc3363b\">\n\t\t\t\t#wpforms-63.wpforms-block-05b883fb-f9d1-4a74-83a7-87f3ecc3363b {\n\t\t\t\t\t--wpforms-field-size-input-height: 43px;\n--wpforms-field-size-input-spacing: 15px;\n--wpforms-field-size-font-size: 16px;\n--wpforms-field-size-line-height: 19px;\n--wpforms-field-size-padding-h: 14px;\n--wpforms-field-size-checkbox-size: 16px;\n--wpforms-field-size-sublabel-spacing: 5px;\n--wpforms-field-size-icon-size: 1;\n--wpforms-label-size-font-size: 16px;\n--wpforms-label-size-line-height: 19px;\n--wpforms-label-size-sublabel-font-size: 14px;\n--wpforms-label-size-sublabel-line-height: 17px;\n--wpforms-button-size-font-size: 17px;\n--wpforms-button-size-height: 41px;\n--wpforms-button-size-padding-h: 15px;\n--wpforms-button-size-margin-top: 10px;\n\n\t\t\t\t}\n\t\t\t<\/style><div class=\"wpforms-container wpforms-container-full wpforms-block wpforms-block-05b883fb-f9d1-4a74-83a7-87f3ecc3363b wpforms-render-modern\" id=\"wpforms-63\"><form id=\"wpforms-form-63\" class=\"wpforms-validate wpforms-form wpforms-ajax-form\" data-formid=\"63\" method=\"post\" enctype=\"multipart\/form-data\" action=\"\/index.php\/wp-json\/wp\/v2\/pages\/2\" data-token=\"af30c299830dcf548e75dcbd22b96461\" data-token-time=\"1777552951\"><noscript class=\"wpforms-error-noscript\">Veuillez activer JavaScript dans votre navigateur pour remplir ce formulaire.<\/noscript><div class=\"wpforms-hidden\" id=\"wpforms-error-noscript\">Veuillez activer JavaScript dans votre navigateur pour remplir ce formulaire.<\/div><div class=\"wpforms-field-container\"><div id=\"wpforms-63-field_1-container\" class=\"wpforms-field wpforms-field-name\" data-field-id=\"1\"><fieldset><legend class=\"wpforms-field-label\">Nom <span class=\"wpforms-required-label\" aria-hidden=\"true\">*<\/span><\/legend><div class=\"wpforms-field-row wpforms-field-medium\"><div class=\"wpforms-field-row-block wpforms-first wpforms-one-half\"><input type=\"text\" id=\"wpforms-63-field_1\" class=\"wpforms-field-name-first wpforms-field-required\" name=\"wpforms[fields][1][first]\" aria-errormessage=\"wpforms-63-field_1-error\" required><label for=\"wpforms-63-field_1\" class=\"wpforms-field-sublabel after\">Pr\u00e9nom<\/label><\/div><div class=\"wpforms-field-row-block wpforms-one-half\"><input type=\"text\" id=\"wpforms-63-field_1-last\" class=\"wpforms-field-name-last wpforms-field-required\" name=\"wpforms[fields][1][last]\" aria-errormessage=\"wpforms-63-field_1-last-error\" required><label for=\"wpforms-63-field_1-last\" class=\"wpforms-field-sublabel after\">Nom<\/label><\/div><\/div><\/fieldset><\/div><div id=\"wpforms-63-field_2-container\" class=\"wpforms-field wpforms-field-email\" data-field-id=\"2\"><label class=\"wpforms-field-label\" for=\"wpforms-63-field_2\">E-mail <span class=\"wpforms-required-label\" aria-hidden=\"true\">*<\/span><\/label><input type=\"email\" id=\"wpforms-63-field_2\" class=\"wpforms-field-medium wpforms-field-required\" name=\"wpforms[fields][2]\" spellcheck=\"false\" aria-errormessage=\"wpforms-63-field_2-error\" required><\/div><div id=\"wpforms-63-field_3-container\" class=\"wpforms-field wpforms-field-textarea\" data-field-id=\"3\"><label class=\"wpforms-field-label\" for=\"wpforms-63-field_3\">Commentaire ou message<\/label><textarea id=\"wpforms-63-field_3\" class=\"wpforms-field-medium\" name=\"wpforms[fields][3]\" aria-errormessage=\"wpforms-63-field_3-error\" ><\/textarea><\/div><div id=\"wpforms-63-field_4-container\" class=\"wpforms-field wpforms-field-checkbox\" data-field-id=\"4\"><fieldset><legend class=\"wpforms-field-label wpforms-label-hide\" aria-hidden=\"false\"> <span class=\"wpforms-required-label\" aria-hidden=\"true\">*<\/span><\/legend><ul id=\"wpforms-63-field_4\" class=\"wpforms-field-required\"><li class=\"choice-1 depth-1\"><input type=\"checkbox\" id=\"wpforms-63-field_4_1\" name=\"wpforms[fields][4][]\" value=\"J\u2019accepte que les informations renseign\u00e9es ci-dessus soient exploit\u00e9es dans le cadre de mes \u00e9changes avec BCV Plug\" aria-errormessage=\"wpforms-63-field_4_1-error\" required ><label class=\"wpforms-field-label-inline\" for=\"wpforms-63-field_4_1\">J\u2019accepte que les informations renseign\u00e9es ci-dessus soient exploit\u00e9es dans le cadre de mes \u00e9changes avec BCV Plug<\/label><\/li><\/ul><\/fieldset><\/div><\/div><!-- .wpforms-field-container --><div class=\"wpforms-submit-container\" ><input type=\"hidden\" name=\"wpforms[id]\" value=\"63\"><input type=\"hidden\" name=\"page_title\" value=\"\"><input type=\"hidden\" name=\"page_url\" value=\"http:\/\/www.bcvplug.fr\/index.php\/wp-json\/wp\/v2\/pages\/2\"><button type=\"submit\" name=\"wpforms[submit]\" id=\"wpforms-submit-63\" class=\"wpforms-submit\" data-alt-text=\"Envoi...\" data-submit-text=\"Envoyer\" aria-live=\"assertive\" value=\"wpforms-submit\">Envoyer<\/button><img loading=\"lazy\" decoding=\"async\" src=\"http:\/\/www.bcvplug.fr\/wp-content\/plugins\/wpforms-lite\/assets\/images\/submit-spin.svg\" class=\"wpforms-submit-spinner\" style=\"display: none;\" width=\"26\" height=\"26\" alt=\"Chargement en cours\"><\/div><\/form><\/div>  <!-- .wpforms-container --><\/div>\n<\/div><\/div>\n\n\n<div class=\"wp-block-image\">\n<figure class=\"aligncenter size-full\"><img loading=\"lazy\" decoding=\"async\" width=\"158\" height=\"158\" src=\"http:\/\/www.bcvplug.fr\/wp-content\/uploads\/2025\/01\/logo_irve.png\" alt=\"\" class=\"wp-image-259\" srcset=\"http:\/\/www.bcvplug.fr\/wp-content\/uploads\/2025\/01\/logo_irve.png 158w, http:\/\/www.bcvplug.fr\/wp-content\/uploads\/2025\/01\/logo_irve-150x150.png 150w\" sizes=\"auto, (max-width: 158px) 100vw, 158px\" \/><\/figure>\n<\/div>","protected":false},"excerpt":{"rendered":"<p>ACC\u00c9L\u00c9REZ VOTRE TRANSITION VERS L&rsquo;\u00c9LECTRIQUE Nous installons et entretenons vos bornes de recharge pour une mobilit\u00e9 plus propre et plus pratique. Devis gratuit Un projet de borne de recharge ? Obtenez un devis gratuit rapidement et sans engagement sur notre site. Installation de bornes de recharge Installation de bornes de recharge \u00e0 domicile ou en [&hellip;]<\/p>\n","protected":false},"author":1,"featured_media":0,"parent":0,"menu_order":0,"comment_status":"closed","ping_status":"closed","template":"","meta":{"footnotes":""},"class_list":["post-2","page","type-page","status-publish","hentry"],"_links":{"self":[{"href":"http:\/\/www.bcvplug.fr\/index.php\/wp-json\/wp\/v2\/pages\/2","targetHints":{"allow":["GET"]}}],"collection":[{"href":"http:\/\/www.bcvplug.fr\/index.php\/wp-json\/wp\/v2\/pages"}],"about":[{"href":"http:\/\/www.bcvplug.fr\/index.php\/wp-json\/wp\/v2\/types\/page"}],"author":[{"embeddable":true,"href":"http:\/\/www.bcvplug.fr\/index.php\/wp-json\/wp\/v2\/users\/1"}],"replies":[{"embeddable":true,"href":"http:\/\/www.bcvplug.fr\/index.php\/wp-json\/wp\/v2\/comments?post=2"}],"version-history":[{"count":37,"href":"http:\/\/www.bcvplug.fr\/index.php\/wp-json\/wp\/v2\/pages\/2\/revisions"}],"predecessor-version":[{"id":260,"href":"http:\/\/www.bcvplug.fr\/index.php\/wp-json\/wp\/v2\/pages\/2\/revisions\/260"}],"wp:attachment":[{"href":"http:\/\/www.bcvplug.fr\/index.php\/wp-json\/wp\/v2\/media?parent=2"}],"curies":[{"name":"wp","href":"https:\/\/api.w.org\/{rel}","templated":true}]}}